{"id":502,"date":"2021-03-02T15:36:46","date_gmt":"2021-03-02T18:36:46","guid":{"rendered":"https:\/\/mostramuseu.com\/?page_id=502"},"modified":"2024-06-17T15:59:48","modified_gmt":"2024-06-17T18:59:48","slug":"a-mostra","status":"publish","type":"page","link":"https:\/\/mostramuseu.com\/es\/a-mostra\/","title":{"rendered":"La muestra"},"content":{"rendered":"<div data-elementor-type=\"wp-page\" data-elementor-id=\"502\" class=\"elementor elementor-502\" data-elementor-post-type=\"page\">\n\t\t\t\t\t\t<section class=\"elementor-section elementor-top-section elementor-element elementor-element-eabf172 elementor-section-boxed elementor-section-height-default elementor-section-height-default\" data-id=\"eabf172\" data-element_type=\"section\" data-settings=\"{&quot;jet_parallax_layout_list&quot;:[{&quot;jet_parallax_layout_image&quot;:{&quot;url&quot;:&quot;&quot;,&quot;id&quot;:&quot;&quot;,&quot;size&quot;:&quot;&quot;},&quot;_id&quot;:&quot;f91da3c&quot;,&quot;jet_parallax_layout_image_tablet&quot;:{&quot;url&quot;:&quot;&quot;,&quot;id&quot;:&quot;&quot;,&quot;size&quot;:&quot;&quot;},&quot;jet_parallax_layout_image_mobile&quot;:{&quot;url&quot;:&quot;&quot;,&quot;id&quot;:&quot;&quot;,&quot;size&quot;:&quot;&quot;},&quot;jet_parallax_layout_speed&quot;:{&quot;unit&quot;:&quot;%&quot;,&quot;size&quot;:50,&quot;sizes&quot;:[]},&quot;jet_parallax_layout_type&quot;:&quot;scroll&quot;,&quot;jet_parallax_layout_direction&quot;:null,&quot;jet_parallax_layout_fx_direction&quot;:null,&quot;jet_parallax_layout_z_index&quot;:&quot;&quot;,&quot;jet_parallax_layout_bg_x&quot;:50,&quot;jet_parallax_layout_bg_x_tablet&quot;:&quot;&quot;,&quot;jet_parallax_layout_bg_x_mobile&quot;:&quot;&quot;,&quot;jet_parallax_layout_bg_y&quot;:50,&quot;jet_parallax_layout_bg_y_tablet&quot;:&quot;&quot;,&quot;jet_parallax_layout_bg_y_mobile&quot;:&quot;&quot;,&quot;jet_parallax_layout_bg_size&quot;:&quot;auto&quot;,&quot;jet_parallax_layout_bg_size_tablet&quot;:&quot;&quot;,&quot;jet_parallax_layout_bg_size_mobile&quot;:&quot;&quot;,&quot;jet_parallax_layout_animation_prop&quot;:&quot;transform&quot;,&quot;jet_parallax_layout_on&quot;:[&quot;desktop&quot;,&quot;tablet&quot;]}]}\">\n\t\t\t\t\t\t<div class=\"elementor-container elementor-column-gap-default\">\n\t\t\t\t\t<div class=\"elementor-column elementor-col-100 elementor-top-column elementor-element elementor-element-0e0bf7b\" data-id=\"0e0bf7b\" data-element_type=\"column\">\n\t\t\t<div class=\"elementor-widget-wrap elementor-element-populated\">\n\t\t\t\t\t\t<div class=\"elementor-element elementor-element-449be0d elementor-widget elementor-widget-heading\" data-id=\"449be0d\" data-element_type=\"widget\" id=\"a-mostra\" data-widget_type=\"heading.default\">\n\t\t\t\t<div class=\"elementor-widget-container\">\n\t\t\t<h2 class=\"elementor-heading-title elementor-size-default\">LA MUESTRA<\/h2>\t\t<\/div>\n\t\t\t\t<\/div>\n\t\t\t\t<div class=\"elementor-element elementor-element-1b7e15f elementor-widget elementor-widget-text-editor\" data-id=\"1b7e15f\" data-element_type=\"widget\" data-widget_type=\"text-editor.default\">\n\t\t\t\t<div class=\"elementor-widget-container\">\n\t\t\t\t\t\t\t<p class=\"translation-block\">La <strong>Mostra Museu: Arte na Quarentena<\/strong> une arte, m\u00fasica y tecnolog\u00eda como dispositivo al servicio de reunir p\u00fablico, obras y artistas en la plataforma multimedia del proyecto y una exposici\u00f3n a cielo abierto.<\/p><p class=\"translation-block\">Estructurado como un proyecto h\u00edbrido  - en l\u00ednea y desconectado - la Mostra Museu trae una intersecci\u00f3n entre las artes visuales con un perfil mundial y la producci\u00f3n musical brasile\u00f1a, y tiene como objetivo dar luz a la producci\u00f3n art\u00edstica realizada durante el per\u00edodo de aislamiento social impuesto por la pandemia. Adem\u00e1s de eso, propone  sentimientos y percepciones sobre lo que estamos viviendo.<\/p><p class=\"translation-block\">Para el eje de las artes visuales, la Mostra recibi\u00f3 las inscripciones via convocatoria de trabajos realizados a partir del 12 de marzo de 2020 - dia en que fue decretado estado de calamidad p\u00fablica por la OMS (Organizaci\u00f3n Mundial de la Salud), en dos formatos finales: video e im\u00e1gen - que presentan en s\u00ed mismos diferentes lenguajes: creaciones digitales, dibujo, dise\u00f1o gr\u00e1fico, pintura, fotograf\u00eda, grafito, poes\u00eda visual, video arte, collage, instalaci\u00f3n, actuaci\u00f3n, body art, entre otras manifestaciones h\u00edbridas.<\/p><p class=\"translation-block\">La selecci\u00f3n realizada por la curadur\u00eda de la Mostra, compuesta por Ana Carolina Ralston y The Covid Art Museum (CAM), fue hecha en dos etapas: la primera selecci\u00f3n con base en el acervo de CAM, mientras  que la segunda se realiz\u00f3 a trav\u00e9s de nuestras plataformas.<\/p><p class=\"translation-block\">En total hubo m\u00e1s de 1.200 solicitantes inscritos de 40 pa\u00edses diferentes, cerca de 200 trabajos fueron seleccionados junto con los testimonios de los artistas que relatan  sus procesos de creaci\u00f3n durante la pandemia, y la concepci\u00f3n de sus obras.<\/p><p class=\"translation-block\">Para el eje musical, por invitaci\u00f3n del curador Pedro Henrique Fran\u00e7a, artistas contempor\u00e1neos de la escena musical brasile\u00f1a que crearon inspirados en este per\u00edodo, forman parte de la colecci\u00f3n de la Mostra con sus nuevos trabajos. Las listas de reproducci\u00f3n y los videoclips son divididos en las categor\u00edas Lado A: Ahora Presente, enfocado en artistas establecidos que se reinventaron durante la pandemia; y Lado B: Ver al Futuro, centrado en nuevos talentos.<\/p><p class=\"translation-block\">El acervo cultural de la Mostra Museu: Arte na Quarentena est\u00e1 disponible \u00edntegramente aqu\u00ed en la plataforma del proyecto, en Spotify y en exposiciones que tienen lugar en espacios p\u00fablicos en mobiliarios urbanos donde a trav\u00e9s del c\u00f3digo de QRcode el contenido puede ser accesado \u00edntegramente por el p\u00fablico.<\/p>\t\t\t\t\t\t<\/div>\n\t\t\t\t<\/div>\n\t\t\t\t\t<\/div>\n\t\t<\/div>\n\t\t\t\t\t<\/div>\n\t\t<\/section>\n\t\t\t\t<section class=\"elementor-section elementor-top-section elementor-element elementor-element-866e3eb elementor-section-boxed elementor-section-height-default elementor-section-height-default\" data-id=\"866e3eb\" data-element_type=\"section\" data-settings=\"{&quot;jet_parallax_layout_list&quot;:[{&quot;jet_parallax_layout_image&quot;:{&quot;url&quot;:&quot;&quot;,&quot;id&quot;:&quot;&quot;,&quot;size&quot;:&quot;&quot;},&quot;_id&quot;:&quot;f91da3c&quot;,&quot;jet_parallax_layout_image_tablet&quot;:{&quot;url&quot;:&quot;&quot;,&quot;id&quot;:&quot;&quot;,&quot;size&quot;:&quot;&quot;},&quot;jet_parallax_layout_image_mobile&quot;:{&quot;url&quot;:&quot;&quot;,&quot;id&quot;:&quot;&quot;,&quot;size&quot;:&quot;&quot;},&quot;jet_parallax_layout_speed&quot;:{&quot;unit&quot;:&quot;%&quot;,&quot;size&quot;:50,&quot;sizes&quot;:[]},&quot;jet_parallax_layout_type&quot;:&quot;scroll&quot;,&quot;jet_parallax_layout_direction&quot;:null,&quot;jet_parallax_layout_fx_direction&quot;:null,&quot;jet_parallax_layout_z_index&quot;:&quot;&quot;,&quot;jet_parallax_layout_bg_x&quot;:50,&quot;jet_parallax_layout_bg_x_tablet&quot;:&quot;&quot;,&quot;jet_parallax_layout_bg_x_mobile&quot;:&quot;&quot;,&quot;jet_parallax_layout_bg_y&quot;:50,&quot;jet_parallax_layout_bg_y_tablet&quot;:&quot;&quot;,&quot;jet_parallax_layout_bg_y_mobile&quot;:&quot;&quot;,&quot;jet_parallax_layout_bg_size&quot;:&quot;auto&quot;,&quot;jet_parallax_layout_bg_size_tablet&quot;:&quot;&quot;,&quot;jet_parallax_layout_bg_size_mobile&quot;:&quot;&quot;,&quot;jet_parallax_layout_animation_prop&quot;:&quot;transform&quot;,&quot;jet_parallax_layout_on&quot;:[&quot;desktop&quot;,&quot;tablet&quot;]}]}\">\n\t\t\t\t\t\t<div class=\"elementor-container elementor-column-gap-default\">\n\t\t\t\t\t<div class=\"elementor-column elementor-col-100 elementor-top-column elementor-element elementor-element-4941774\" data-id=\"4941774\" data-element_type=\"column\">\n\t\t\t<div class=\"elementor-widget-wrap elementor-element-populated\">\n\t\t\t\t\t\t<div class=\"elementor-element elementor-element-db1b430 elementor-widget elementor-widget-heading\" data-id=\"db1b430\" data-element_type=\"widget\" id=\"cr-ditos\" data-widget_type=\"heading.default\">\n\t\t\t\t<div class=\"elementor-widget-container\">\n\t\t\t<h2 class=\"elementor-heading-title elementor-size-default\">FICHA T\u00c9CNICA<\/h2>\t\t<\/div>\n\t\t\t\t<\/div>\n\t\t\t\t<div class=\"elementor-element elementor-element-af1524c elementor-widget elementor-widget-text-editor\" data-id=\"af1524c\" data-element_type=\"widget\" data-widget_type=\"text-editor.default\">\n\t\t\t\t<div class=\"elementor-widget-container\">\n\t\t\t\t\t\t\t<p>Direcci\u00f3n General: <strong>Chiara Paim Battistoni<\/strong><\/p><p>Curadur\u00eda de Artes Visuales: <strong>Ana Carolina Ralston<\/strong><\/p><p>Co-curadur\u00eda de Artes Visuales: <strong>The Covid Art Museum <\/strong><\/p><p>Curadur\u00eda Musical <strong>Pedro Henrique Fran\u00e7a<\/strong><\/p><p>Programa Educativo: <b>Ana Helena Grimaldi<\/b><\/p><p><span style=\"color: var( --e-global-color-text ); font-weight: var( --e-global-typography-text-font-weight );\">Design Gr\u00e1fico: <\/span><strong style=\"color: var( --e-global-color-text );\">Cubo 4D<\/strong><\/p><p><span style=\"color: var( --e-global-color-text ); font-weight: var( --e-global-typography-text-font-weight );\">Contenido audiovisual: <\/span><strong style=\"color: var( --e-global-color-text );\">P\u00edlula Filmes<\/strong><\/p><p>Desarrollo Web: <strong>Paulo Fehlauer<\/strong><\/p><p>M\u00eddias Sociais: <strong>Carolina Bastos<\/strong><\/p><p><span style=\"color: var( --e-global-color-text ); font-weight: var( --e-global-typography-text-font-weight );\">Asesor\u00eda de Prensa: <\/span><strong style=\"color: var( --e-global-color-text );\">Fabiana Honorato e WGO Comunica\u00e7\u00e3o<\/strong><\/p><p>Neutralizaci\u00f3n de Carbono: <strong>Eccaplan<\/strong><\/p><p>Gest\u00e3o Administrativa: <b>Frida Projetos Culturais<\/b><\/p><p>Idealizaci\u00f3n y realizaci\u00f3n:<strong> Amarello Culturartexperi\u00eancia<\/strong><\/p>\t\t\t\t\t\t<\/div>\n\t\t\t\t<\/div>\n\t\t\t\t\t<\/div>\n\t\t<\/div>\n\t\t\t\t\t<\/div>\n\t\t<\/section>\n\t\t\t\t<section class=\"elementor-section elementor-top-section elementor-element elementor-element-a77b4f7 elementor-section-boxed elementor-section-height-default elementor-section-height-default\" data-id=\"a77b4f7\" data-element_type=\"section\" data-settings=\"{&quot;jet_parallax_layout_list&quot;:[{&quot;jet_parallax_layout_image&quot;:{&quot;url&quot;:&quot;&quot;,&quot;id&quot;:&quot;&quot;,&quot;size&quot;:&quot;&quot;},&quot;_id&quot;:&quot;0e2a0fe&quot;,&quot;jet_parallax_layout_image_tablet&quot;:{&quot;url&quot;:&quot;&quot;,&quot;id&quot;:&quot;&quot;,&quot;size&quot;:&quot;&quot;},&quot;jet_parallax_layout_image_mobile&quot;:{&quot;url&quot;:&quot;&quot;,&quot;id&quot;:&quot;&quot;,&quot;size&quot;:&quot;&quot;},&quot;jet_parallax_layout_speed&quot;:{&quot;unit&quot;:&quot;%&quot;,&quot;size&quot;:50,&quot;sizes&quot;:[]},&quot;jet_parallax_layout_type&quot;:&quot;scroll&quot;,&quot;jet_parallax_layout_direction&quot;:null,&quot;jet_parallax_layout_fx_direction&quot;:null,&quot;jet_parallax_layout_z_index&quot;:&quot;&quot;,&quot;jet_parallax_layout_bg_x&quot;:50,&quot;jet_parallax_layout_bg_x_tablet&quot;:&quot;&quot;,&quot;jet_parallax_layout_bg_x_mobile&quot;:&quot;&quot;,&quot;jet_parallax_layout_bg_y&quot;:50,&quot;jet_parallax_layout_bg_y_tablet&quot;:&quot;&quot;,&quot;jet_parallax_layout_bg_y_mobile&quot;:&quot;&quot;,&quot;jet_parallax_layout_bg_size&quot;:&quot;auto&quot;,&quot;jet_parallax_layout_bg_size_tablet&quot;:&quot;&quot;,&quot;jet_parallax_layout_bg_size_mobile&quot;:&quot;&quot;,&quot;jet_parallax_layout_animation_prop&quot;:&quot;transform&quot;,&quot;jet_parallax_layout_on&quot;:[&quot;desktop&quot;,&quot;tablet&quot;]}]}\">\n\t\t\t\t\t\t<div class=\"elementor-container elementor-column-gap-default\">\n\t\t\t\t\t<div class=\"elementor-column elementor-col-100 elementor-top-column elementor-element elementor-element-dccc599\" data-id=\"dccc599\" data-element_type=\"column\">\n\t\t\t<div class=\"elementor-widget-wrap elementor-element-populated\">\n\t\t\t\t\t\t<div class=\"elementor-element elementor-element-2cc617d elementor-widget elementor-widget-heading\" data-id=\"2cc617d\" data-element_type=\"widget\" id=\"realiza-o\" data-widget_type=\"heading.default\">\n\t\t\t\t<div class=\"elementor-widget-container\">\n\t\t\t<h2 class=\"elementor-heading-title elementor-size-default\">REALIZACI\u00d3N<\/h2>\t\t<\/div>\n\t\t\t\t<\/div>\n\t\t\t\t<div class=\"elementor-element elementor-element-b7ab1b9 elementor-widget elementor-widget-text-editor\" data-id=\"b7ab1b9\" data-element_type=\"widget\" data-widget_type=\"text-editor.default\">\n\t\t\t\t<div class=\"elementor-widget-container\">\n\t\t\t\t\t\t\t<p><strong>Amarello Culturartexperi\u00eancia<\/strong>\u00a0planeja, produz e cria projetos em diversos formatos e desta forma d\u00e1 vida a iniciativas como a\u00a0<strong>Mostra Museu: Arte na Quarentena<\/strong>, entre outras tantas.<\/p><p class=\"translation-block\">Trabajamos con un equipo multidisciplinario para cada proyecto, porque vemos en la diversidad de personas y formatos el potencial estrat\u00e9gico y creativo que atribuyen autenticidad a lo que nos proponemos realizar.<\/p><p><strong>Fale com a gente: <a href=\"http:\/\/www.amarelloprojects.com\">www.amarelloprojects.com<\/a><\/strong><\/p>\t\t\t\t\t\t<\/div>\n\t\t\t\t<\/div>\n\t\t\t\t<div class=\"elementor-element elementor-element-9ca8ede elementor-widget elementor-widget-image\" data-id=\"9ca8ede\" data-element_type=\"widget\" data-widget_type=\"image.default\">\n\t\t\t\t<div class=\"elementor-widget-container\">\n\t\t\t\t\t\t\t\t\t\t\t\t\t<img loading=\"lazy\" decoding=\"async\" width=\"122\" height=\"130\" src=\"https:\/\/mostramuseu.com\/wp-content\/uploads\/2021\/03\/LANDING-PAGEARQUIVOS_SVGAtivo-5.png\" class=\"attachment-medium size-medium wp-image-1748\" alt=\"\" srcset=\"https:\/\/mostramuseu.com\/wp-content\/uploads\/2021\/03\/LANDING-PAGEARQUIVOS_SVGAtivo-5.png 122w, https:\/\/mostramuseu.com\/wp-content\/uploads\/2021\/03\/LANDING-PAGEARQUIVOS_SVGAtivo-5-11x12.png 11w\" sizes=\"auto, (max-width: 122px) 100vw, 122px\" \/>\t\t\t\t\t\t\t\t\t\t\t\t\t<\/div>\n\t\t\t\t<\/div>\n\t\t\t\t\t<\/div>\n\t\t<\/div>\n\t\t\t\t\t<\/div>\n\t\t<\/section>\n\t\t\t\t<section class=\"elementor-section elementor-top-section elementor-element elementor-element-75f2802 elementor-section-boxed elementor-section-height-default elementor-section-height-default\" data-id=\"75f2802\" data-element_type=\"section\" data-settings=\"{&quot;jet_parallax_layout_list&quot;:[{&quot;jet_parallax_layout_image&quot;:{&quot;url&quot;:&quot;&quot;,&quot;id&quot;:&quot;&quot;,&quot;size&quot;:&quot;&quot;},&quot;_id&quot;:&quot;f91da3c&quot;,&quot;jet_parallax_layout_image_tablet&quot;:{&quot;url&quot;:&quot;&quot;,&quot;id&quot;:&quot;&quot;,&quot;size&quot;:&quot;&quot;},&quot;jet_parallax_layout_image_mobile&quot;:{&quot;url&quot;:&quot;&quot;,&quot;id&quot;:&quot;&quot;,&quot;size&quot;:&quot;&quot;},&quot;jet_parallax_layout_speed&quot;:{&quot;unit&quot;:&quot;%&quot;,&quot;size&quot;:50,&quot;sizes&quot;:[]},&quot;jet_parallax_layout_type&quot;:&quot;scroll&quot;,&quot;jet_parallax_layout_direction&quot;:null,&quot;jet_parallax_layout_fx_direction&quot;:null,&quot;jet_parallax_layout_z_index&quot;:&quot;&quot;,&quot;jet_parallax_layout_bg_x&quot;:50,&quot;jet_parallax_layout_bg_x_tablet&quot;:&quot;&quot;,&quot;jet_parallax_layout_bg_x_mobile&quot;:&quot;&quot;,&quot;jet_parallax_layout_bg_y&quot;:50,&quot;jet_parallax_layout_bg_y_tablet&quot;:&quot;&quot;,&quot;jet_parallax_layout_bg_y_mobile&quot;:&quot;&quot;,&quot;jet_parallax_layout_bg_size&quot;:&quot;auto&quot;,&quot;jet_parallax_layout_bg_size_tablet&quot;:&quot;&quot;,&quot;jet_parallax_layout_bg_size_mobile&quot;:&quot;&quot;,&quot;jet_parallax_layout_animation_prop&quot;:&quot;transform&quot;,&quot;jet_parallax_layout_on&quot;:[&quot;desktop&quot;,&quot;tablet&quot;]}]}\">\n\t\t\t\t\t\t<div class=\"elementor-container elementor-column-gap-default\">\n\t\t\t\t\t<div class=\"elementor-column elementor-col-100 elementor-top-column elementor-element elementor-element-fd85bde\" data-id=\"fd85bde\" data-element_type=\"column\">\n\t\t\t<div class=\"elementor-widget-wrap elementor-element-populated\">\n\t\t\t\t\t\t<div class=\"elementor-element elementor-element-dc1b520 elementor-widget elementor-widget-heading\" data-id=\"dc1b520\" data-element_type=\"widget\" id=\"sustentabilidade-co2-neutro-e-projetos-apoiados\" data-widget_type=\"heading.default\">\n\t\t\t\t<div class=\"elementor-widget-container\">\n\t\t\t<h2 class=\"elementor-heading-title elementor-size-default\">PROJETO NEUTRO EM CO2<\/h2>\t\t<\/div>\n\t\t\t\t<\/div>\n\t\t\t\t<section class=\"elementor-section elementor-inner-section elementor-element elementor-element-39cd236 elementor-section-boxed elementor-section-height-default elementor-section-height-default\" data-id=\"39cd236\" data-element_type=\"section\" data-settings=\"{&quot;jet_parallax_layout_list&quot;:[{&quot;jet_parallax_layout_image&quot;:{&quot;url&quot;:&quot;&quot;,&quot;id&quot;:&quot;&quot;,&quot;size&quot;:&quot;&quot;},&quot;_id&quot;:&quot;866e7cc&quot;,&quot;jet_parallax_layout_image_tablet&quot;:{&quot;url&quot;:&quot;&quot;,&quot;id&quot;:&quot;&quot;,&quot;size&quot;:&quot;&quot;},&quot;jet_parallax_layout_image_mobile&quot;:{&quot;url&quot;:&quot;&quot;,&quot;id&quot;:&quot;&quot;,&quot;size&quot;:&quot;&quot;},&quot;jet_parallax_layout_speed&quot;:{&quot;unit&quot;:&quot;%&quot;,&quot;size&quot;:50,&quot;sizes&quot;:[]},&quot;jet_parallax_layout_type&quot;:&quot;scroll&quot;,&quot;jet_parallax_layout_direction&quot;:null,&quot;jet_parallax_layout_fx_direction&quot;:null,&quot;jet_parallax_layout_z_index&quot;:&quot;&quot;,&quot;jet_parallax_layout_bg_x&quot;:50,&quot;jet_parallax_layout_bg_x_tablet&quot;:&quot;&quot;,&quot;jet_parallax_layout_bg_x_mobile&quot;:&quot;&quot;,&quot;jet_parallax_layout_bg_y&quot;:50,&quot;jet_parallax_layout_bg_y_tablet&quot;:&quot;&quot;,&quot;jet_parallax_layout_bg_y_mobile&quot;:&quot;&quot;,&quot;jet_parallax_layout_bg_size&quot;:&quot;auto&quot;,&quot;jet_parallax_layout_bg_size_tablet&quot;:&quot;&quot;,&quot;jet_parallax_layout_bg_size_mobile&quot;:&quot;&quot;,&quot;jet_parallax_layout_animation_prop&quot;:&quot;transform&quot;,&quot;jet_parallax_layout_on&quot;:[&quot;desktop&quot;,&quot;tablet&quot;]}]}\">\n\t\t\t\t\t\t<div class=\"elementor-container elementor-column-gap-no\">\n\t\t\t\t\t<div class=\"elementor-column elementor-col-50 elementor-inner-column elementor-element elementor-element-38f15bf\" data-id=\"38f15bf\" data-element_type=\"column\">\n\t\t\t<div class=\"elementor-widget-wrap elementor-element-populated\">\n\t\t\t\t\t\t<div class=\"elementor-element elementor-element-055cec0 elementor-widget elementor-widget-image\" data-id=\"055cec0\" data-element_type=\"widget\" data-widget_type=\"image.default\">\n\t\t\t\t<div class=\"elementor-widget-container\">\n\t\t\t\t\t\t\t\t\t\t\t\t\t<img loading=\"lazy\" decoding=\"async\" width=\"475\" height=\"353\" src=\"https:\/\/mostramuseu.com\/wp-content\/uploads\/2021\/03\/logo-eventoneutro.png\" class=\"attachment-medium_large size-medium_large wp-image-1106\" alt=\"\" srcset=\"https:\/\/mostramuseu.com\/wp-content\/uploads\/2021\/03\/logo-eventoneutro.png 475w, https:\/\/mostramuseu.com\/wp-content\/uploads\/2021\/03\/logo-eventoneutro-300x223.png 300w, https:\/\/mostramuseu.com\/wp-content\/uploads\/2021\/03\/logo-eventoneutro-16x12.png 16w\" sizes=\"auto, (max-width: 475px) 100vw, 475px\" \/>\t\t\t\t\t\t\t\t\t\t\t\t\t<\/div>\n\t\t\t\t<\/div>\n\t\t\t\t\t<\/div>\n\t\t<\/div>\n\t\t\t\t<div class=\"elementor-column elementor-col-50 elementor-inner-column elementor-element elementor-element-024d8e7\" data-id=\"024d8e7\" data-element_type=\"column\">\n\t\t\t<div class=\"elementor-widget-wrap elementor-element-populated\">\n\t\t\t\t\t\t<div class=\"elementor-element elementor-element-56b8dca elementor-widget elementor-widget-image\" data-id=\"56b8dca\" data-element_type=\"widget\" data-widget_type=\"image.default\">\n\t\t\t\t<div class=\"elementor-widget-container\">\n\t\t\t\t\t\t\t\t\t\t\t\t\t<img loading=\"lazy\" decoding=\"async\" width=\"222\" height=\"101\" src=\"https:\/\/mostramuseu.com\/wp-content\/uploads\/2021\/03\/SELOS-ODS_SVG.png\" class=\"attachment-medium_large size-medium_large wp-image-3119\" alt=\"\" srcset=\"https:\/\/mostramuseu.com\/wp-content\/uploads\/2021\/03\/SELOS-ODS_SVG.png 222w, https:\/\/mostramuseu.com\/wp-content\/uploads\/2021\/03\/SELOS-ODS_SVG-16x7.png 16w\" sizes=\"auto, (max-width: 222px) 100vw, 222px\" \/>\t\t\t\t\t\t\t\t\t\t\t\t\t<\/div>\n\t\t\t\t<\/div>\n\t\t\t\t\t<\/div>\n\t\t<\/div>\n\t\t\t\t\t<\/div>\n\t\t<\/section>\n\t\t\t\t<div class=\"elementor-element elementor-element-b5eb95c elementor-widget elementor-widget-text-editor\" data-id=\"b5eb95c\" data-element_type=\"widget\" data-widget_type=\"text-editor.default\">\n\t\t\t\t<div class=\"elementor-widget-container\">\n\t\t\t\t\t\t\t<p>A <strong>Mostra Museu : Arte na Quarentena<\/strong> es un proyecto de CO2 neutral.<\/p><p class=\"translation-block\">Desde el inicio de su producci\u00f3n, se cuantifican y compensandas las emisiones de CO2 con respecto al consumo de energ\u00eda de todos los involucrados en la realizaci\u00f3n de el proyecto, as\u00ed como tambi\u00e9n le daremos apoyo a iniciativas enfocadas en el medio ambiente.<\/p><p>Prestar atenci\u00f3n a nuestros h\u00e1bitos es esencial para entender donde y como podemos contribuir para que este impacto sea cada vez menor.<\/p><p class=\"translation-block\">Para que haya un cambio en ese sentido, esta auto-observaci\u00f3n se vuelve necesaria permanentemente en todas las esferas de nuestras vidas.<\/p><p class=\"translation-block\">Deseamos, de esta manera, que el rastro dejado por la Mostra Museu: Arte na Quarentena sea en su esencia la del arte y la transformaci\u00f3n.<\/p><p>\u00a0<\/p><p>No total, o evento emitiu 802 kg de CO2. <strong>Foram neutralizados 1000 kg CO2.<\/strong>\u00a0<\/p><p>Projeto apoiado: <strong>Ma\u00edsa REDD+ Project<\/strong><\/p>\t\t\t\t\t\t<\/div>\n\t\t\t\t<\/div>\n\t\t\t\t\t<\/div>\n\t\t<\/div>\n\t\t\t\t\t<\/div>\n\t\t<\/section>\n\t\t\t\t<\/div>","protected":false},"excerpt":{"rendered":"<p>A MOSTRA A\u00a0Mostra Museu: Arte na Quarentena une arte,\u00a0m\u00fasica\u00a0e\u00a0tecnologia como dispositivo a servi\u00e7o de aproximar p\u00fablico, obra e artista na\u00a0plataforma multim\u00eddia\u00a0do projeto\u00a0 e uma\u00a0exposi\u00e7\u00e3o a c\u00e9u aberto. Estruturado como um projeto h\u00edbrido &#8211; online e offline -, a Mostra Museu traz uma intersec\u00e7\u00e3o entre artes visuais com recorte mundial e a produ\u00e7\u00e3o musical brasileira, e [&hellip;]<\/p>","protected":false},"author":1,"featured_media":0,"parent":0,"menu_order":0,"comment_status":"closed","ping_status":"closed","template":"elementor_header_footer","meta":{"footnotes":""},"class_list":["post-502","page","type-page","status-publish","hentry"],"_links":{"self":[{"href":"https:\/\/mostramuseu.com\/es\/wp-json\/wp\/v2\/pages\/502","targetHints":{"allow":["GET"]}}],"collection":[{"href":"https:\/\/mostramuseu.com\/es\/wp-json\/wp\/v2\/pages"}],"about":[{"href":"https:\/\/mostramuseu.com\/es\/wp-json\/wp\/v2\/types\/page"}],"author":[{"embeddable":true,"href":"https:\/\/mostramuseu.com\/es\/wp-json\/wp\/v2\/users\/1"}],"replies":[{"embeddable":true,"href":"https:\/\/mostramuseu.com\/es\/wp-json\/wp\/v2\/comments?post=502"}],"version-history":[{"count":10,"href":"https:\/\/mostramuseu.com\/es\/wp-json\/wp\/v2\/pages\/502\/revisions"}],"predecessor-version":[{"id":4063,"href":"https:\/\/mostramuseu.com\/es\/wp-json\/wp\/v2\/pages\/502\/revisions\/4063"}],"wp:attachment":[{"href":"https:\/\/mostramuseu.com\/es\/wp-json\/wp\/v2\/media?parent=502"}],"curies":[{"name":"wp","href":"https:\/\/api.w.org\/{rel}","templated":true}]}}