{"id":134,"date":"2021-01-29T15:48:03","date_gmt":"2021-01-29T18:48:03","guid":{"rendered":"https:\/\/mostramuseu.com\/?page_id=134"},"modified":"2021-04-20T09:58:09","modified_gmt":"2021-04-20T12:58:09","slug":"convocatoria-aberta-mostra-museu","status":"publish","type":"page","link":"https:\/\/mostramuseu.com\/es\/convocatoria-aberta-mostra-museu\/","title":{"rendered":"Convocatoria"},"content":{"rendered":"<div data-elementor-type=\"wp-page\" data-elementor-id=\"134\" class=\"elementor elementor-134\" data-elementor-post-type=\"page\">\n\t\t\t\t\t\t<section class=\"elementor-section elementor-top-section elementor-element elementor-element-5530f7ee elementor-section-boxed elementor-section-height-default elementor-section-height-default\" data-id=\"5530f7ee\" data-element_type=\"section\" data-settings=\"{&quot;jet_parallax_layout_list&quot;:[{&quot;jet_parallax_layout_image&quot;:{&quot;url&quot;:&quot;&quot;,&quot;id&quot;:&quot;&quot;,&quot;size&quot;:&quot;&quot;},&quot;_id&quot;:&quot;d8e9900&quot;,&quot;jet_parallax_layout_image_tablet&quot;:{&quot;url&quot;:&quot;&quot;,&quot;id&quot;:&quot;&quot;,&quot;size&quot;:&quot;&quot;},&quot;jet_parallax_layout_image_mobile&quot;:{&quot;url&quot;:&quot;&quot;,&quot;id&quot;:&quot;&quot;,&quot;size&quot;:&quot;&quot;},&quot;jet_parallax_layout_speed&quot;:{&quot;unit&quot;:&quot;%&quot;,&quot;size&quot;:50,&quot;sizes&quot;:[]},&quot;jet_parallax_layout_type&quot;:&quot;scroll&quot;,&quot;jet_parallax_layout_direction&quot;:null,&quot;jet_parallax_layout_fx_direction&quot;:null,&quot;jet_parallax_layout_z_index&quot;:&quot;&quot;,&quot;jet_parallax_layout_bg_x&quot;:50,&quot;jet_parallax_layout_bg_x_tablet&quot;:&quot;&quot;,&quot;jet_parallax_layout_bg_x_mobile&quot;:&quot;&quot;,&quot;jet_parallax_layout_bg_y&quot;:50,&quot;jet_parallax_layout_bg_y_tablet&quot;:&quot;&quot;,&quot;jet_parallax_layout_bg_y_mobile&quot;:&quot;&quot;,&quot;jet_parallax_layout_bg_size&quot;:&quot;auto&quot;,&quot;jet_parallax_layout_bg_size_tablet&quot;:&quot;&quot;,&quot;jet_parallax_layout_bg_size_mobile&quot;:&quot;&quot;,&quot;jet_parallax_layout_animation_prop&quot;:&quot;transform&quot;,&quot;jet_parallax_layout_on&quot;:[&quot;desktop&quot;,&quot;tablet&quot;]}]}\">\n\t\t\t\t\t\t<div class=\"elementor-container elementor-column-gap-default\">\n\t\t\t\t\t<div class=\"elementor-column elementor-col-100 elementor-top-column elementor-element elementor-element-1d536336\" data-id=\"1d536336\" data-element_type=\"column\" data-settings=\"{&quot;background_background&quot;:&quot;classic&quot;}\">\n\t\t\t<div class=\"elementor-widget-wrap elementor-element-populated\">\n\t\t\t\t\t\t<section class=\"elementor-section elementor-inner-section elementor-element elementor-element-b4559c7 elementor-section-boxed elementor-section-height-default elementor-section-height-default\" data-id=\"b4559c7\" data-element_type=\"section\" data-settings=\"{&quot;jet_parallax_layout_list&quot;:[{&quot;jet_parallax_layout_image&quot;:{&quot;url&quot;:&quot;&quot;,&quot;id&quot;:&quot;&quot;,&quot;size&quot;:&quot;&quot;},&quot;_id&quot;:&quot;414824f&quot;,&quot;jet_parallax_layout_image_tablet&quot;:{&quot;url&quot;:&quot;&quot;,&quot;id&quot;:&quot;&quot;,&quot;size&quot;:&quot;&quot;},&quot;jet_parallax_layout_image_mobile&quot;:{&quot;url&quot;:&quot;&quot;,&quot;id&quot;:&quot;&quot;,&quot;size&quot;:&quot;&quot;},&quot;jet_parallax_layout_speed&quot;:{&quot;unit&quot;:&quot;%&quot;,&quot;size&quot;:50,&quot;sizes&quot;:[]},&quot;jet_parallax_layout_type&quot;:&quot;scroll&quot;,&quot;jet_parallax_layout_direction&quot;:null,&quot;jet_parallax_layout_fx_direction&quot;:null,&quot;jet_parallax_layout_z_index&quot;:&quot;&quot;,&quot;jet_parallax_layout_bg_x&quot;:50,&quot;jet_parallax_layout_bg_x_tablet&quot;:&quot;&quot;,&quot;jet_parallax_layout_bg_x_mobile&quot;:&quot;&quot;,&quot;jet_parallax_layout_bg_y&quot;:50,&quot;jet_parallax_layout_bg_y_tablet&quot;:&quot;&quot;,&quot;jet_parallax_layout_bg_y_mobile&quot;:&quot;&quot;,&quot;jet_parallax_layout_bg_size&quot;:&quot;auto&quot;,&quot;jet_parallax_layout_bg_size_tablet&quot;:&quot;&quot;,&quot;jet_parallax_layout_bg_size_mobile&quot;:&quot;&quot;,&quot;jet_parallax_layout_animation_prop&quot;:&quot;transform&quot;,&quot;jet_parallax_layout_on&quot;:[&quot;desktop&quot;,&quot;tablet&quot;]}]}\">\n\t\t\t\t\t\t<div class=\"elementor-container elementor-column-gap-default\">\n\t\t\t\t\t<div class=\"elementor-column elementor-col-50 elementor-inner-column elementor-element elementor-element-237c20b\" data-id=\"237c20b\" data-element_type=\"column\">\n\t\t\t<div class=\"elementor-widget-wrap elementor-element-populated\">\n\t\t\t\t\t\t<div class=\"elementor-element elementor-element-1905f7f5 elementor-widget elementor-widget-heading\" data-id=\"1905f7f5\" data-element_type=\"widget\" data-widget_type=\"heading.default\">\n\t\t\t\t<div class=\"elementor-widget-container\">\n\t\t\t<h1 class=\"elementor-heading-title elementor-size-default\">Convocatoria<\/h1>\t\t<\/div>\n\t\t\t\t<\/div>\n\t\t\t\t\t<\/div>\n\t\t<\/div>\n\t\t\t\t<div class=\"elementor-column elementor-col-50 elementor-inner-column elementor-element elementor-element-ccd9d48\" data-id=\"ccd9d48\" data-element_type=\"column\">\n\t\t\t<div class=\"elementor-widget-wrap elementor-element-populated\">\n\t\t\t\t\t\t<div class=\"elementor-element elementor-element-8e09fdb elementor-align-right elementor-mobile-align-center elementor-widget elementor-widget-button\" data-id=\"8e09fdb\" data-element_type=\"widget\" data-widget_type=\"button.default\">\n\t\t\t\t<div class=\"elementor-widget-container\">\n\t\t\t\t\t<div class=\"elementor-button-wrapper\">\n\t\t\t<a class=\"elementor-button elementor-button-link elementor-size-xl\" href=\"https:\/\/mostramuseu.com\/wp-content\/uploads\/2021\/02\/MM_CONVOCATORIA-PARA-PROYECTOS-DE-ARTES-VISUALES.pdf\">\n\t\t\t\t\t\t<span class=\"elementor-button-content-wrapper\">\n\t\t\t\t\t\t<span class=\"elementor-button-icon elementor-align-icon-right\">\n\t\t\t\t<i aria-hidden=\"true\" class=\"hm hm-download\"><\/i>\t\t\t<\/span>\n\t\t\t\t\t\t<span class=\"elementor-button-text\">Descargar<\/span>\n\t\t<\/span>\n\t\t\t\t\t<\/a>\n\t\t<\/div>\n\t\t\t\t<\/div>\n\t\t\t\t<\/div>\n\t\t\t\t\t<\/div>\n\t\t<\/div>\n\t\t\t\t\t<\/div>\n\t\t<\/section>\n\t\t\t\t<section class=\"elementor-section elementor-inner-section elementor-element elementor-element-21d6d8ce elementor-section-boxed elementor-section-height-default elementor-section-height-default\" data-id=\"21d6d8ce\" data-element_type=\"section\" data-settings=\"{&quot;jet_parallax_layout_list&quot;:[{&quot;jet_parallax_layout_image&quot;:{&quot;url&quot;:&quot;&quot;,&quot;id&quot;:&quot;&quot;,&quot;size&quot;:&quot;&quot;},&quot;_id&quot;:&quot;658dd77&quot;,&quot;jet_parallax_layout_image_tablet&quot;:{&quot;url&quot;:&quot;&quot;,&quot;id&quot;:&quot;&quot;,&quot;size&quot;:&quot;&quot;},&quot;jet_parallax_layout_image_mobile&quot;:{&quot;url&quot;:&quot;&quot;,&quot;id&quot;:&quot;&quot;,&quot;size&quot;:&quot;&quot;},&quot;jet_parallax_layout_speed&quot;:{&quot;unit&quot;:&quot;%&quot;,&quot;size&quot;:50,&quot;sizes&quot;:[]},&quot;jet_parallax_layout_type&quot;:&quot;scroll&quot;,&quot;jet_parallax_layout_direction&quot;:null,&quot;jet_parallax_layout_fx_direction&quot;:null,&quot;jet_parallax_layout_z_index&quot;:&quot;&quot;,&quot;jet_parallax_layout_bg_x&quot;:50,&quot;jet_parallax_layout_bg_x_tablet&quot;:&quot;&quot;,&quot;jet_parallax_layout_bg_x_mobile&quot;:&quot;&quot;,&quot;jet_parallax_layout_bg_y&quot;:50,&quot;jet_parallax_layout_bg_y_tablet&quot;:&quot;&quot;,&quot;jet_parallax_layout_bg_y_mobile&quot;:&quot;&quot;,&quot;jet_parallax_layout_bg_size&quot;:&quot;auto&quot;,&quot;jet_parallax_layout_bg_size_tablet&quot;:&quot;&quot;,&quot;jet_parallax_layout_bg_size_mobile&quot;:&quot;&quot;,&quot;jet_parallax_layout_animation_prop&quot;:&quot;transform&quot;,&quot;jet_parallax_layout_on&quot;:[&quot;desktop&quot;,&quot;tablet&quot;]}]}\">\n\t\t\t\t\t\t<div class=\"elementor-container elementor-column-gap-default\">\n\t\t\t\t\t<div class=\"elementor-column elementor-col-100 elementor-inner-column elementor-element elementor-element-c475aae\" data-id=\"c475aae\" data-element_type=\"column\">\n\t\t\t<div class=\"elementor-widget-wrap elementor-element-populated\">\n\t\t\t\t\t\t<div class=\"elementor-element elementor-element-96825ef elementor-widget elementor-widget-text-editor\" data-id=\"96825ef\" data-element_type=\"widget\" data-widget_type=\"text-editor.default\">\n\t\t\t\t<div class=\"elementor-widget-container\">\n\t\t\t\t\t\t\t<p style=\"text-align: center;\"><strong>CONVOCATORIA PARA PROYECTOS DE ARTES VISUALES<\/strong><\/p>\n<p style=\"text-align: center;\"><strong>MOSTRA MUSEU: ARTE NA QUARENTENA<\/strong><\/p>\n<p><strong>I. INTRODUCCI\u00d3N<\/strong><\/p>\n<p class=\"translation-block\">I.1. Promovido por <strong>C.P. Battistoni Design Cultural ME<\/strong> (\u201cAmarello Design of Cultural Experience\u201d) con sede en la calle Jo\u00e3o Felipe Silva, 145, S\u00e3o Paulo - SP, registrado en CNPJ 24.373.414\/0001-24, <strong>Mostra Museu \u2013 Arte na Quarentena<\/strong>, proyecto contemplado por la <strong>LEY PROAC EXPRESSO ALDIR BLANC N\u00ba 40\/2020<\/strong>, invita a los artistas a enviar registros de sus obras creadas durante la cuarentena para una exposici\u00f3n que se realizar\u00e1 entre los meses de febrero y abril de 2021 en las plataformas digitales del proyecto p\u00e1gina web y redes sociales), en paneles impresos y digitales de los puntos de transporte y otros espacios expositivos en el espacio p\u00fablico de la ciudad de S\u00e3o Paulo, Estado de S\u00e3o Paulo.<\/p>\n<p>I.2. En vista de la realidad actual respecto a la pandemia COVID-19, la organizaci\u00f3n de la exposici\u00f3n se reserva el derecho de cambiar la fecha de la exposici\u00f3n si fuera necesario.<\/p>\n<p class=\"translation-block\">I.3. El objetivo principal de esta convocatoria es la selecci\u00f3n de proyectos de artes visuales de artistas brasile\u00f1os e internacionales, buscando dar visibilidad a las formas de creaci\u00f3n y producci\u00f3n art\u00edstica durante la cuarentena. La muestra pretende fomentar la investigaci\u00f3n contempor\u00e1nea en artes visuales llevando como ethos la transformaci\u00f3n de la rutina en todo el mundo, proporcionar el disfrute art\u00edstico a trav\u00e9s de internet, redes sociales y en espacios expositivos no convencionales a trav\u00e9s de la exhibici\u00f3n de los proyectos en puntos de transporte p\u00fablico y en puntos de medios urbanos en la ciudad de S\u00e3o Paulo - SP.<\/p>\n<p>I.4. Los proyectos de artes visuales ser\u00e1n seleccionados por la curadur\u00eda y expuestos en plataformas digitales y espacios expositivos urbanos de acuerdo con los criterios curatoriales, log\u00edsticos y de producci\u00f3n de la Mostra Museu.<\/p>\n<p>I.5.&nbsp; A Curadoria da Mostra Museu de artes visuais \u00e9 compartilhada entre Ana Carolina Ralston (Brasil) e CAM: The Covid Art Museum (Espanha) e acontece em duas etapas. A primeira \u00e9 uma sele\u00e7\u00e3o de projetos do acervo da CAM. A segunda etapa \u00e9 realizada atrav\u00e9s da sele\u00e7\u00e3o de projetos inscritos atrav\u00e9s desta chamada de projetos.<\/p>\n<p><strong>II. INSCRIPCI\u00d3N<\/strong><\/p>\n<p>II.1. O per\u00edodo para submiss\u00e3o das propostas \u00e9 do dia 11 de fevereiro de 2021 e se encerra dia 11 de mar\u00e7o de 2021, \u00e0s 17h59, hor\u00e1rio de Bras\u00edlia, Brasil<\/p>\n<p>II.2. Solo se aceptar\u00e1n solicitudes de aspirantes mayores de 18 a\u00f1os.<\/p>\n<p>II.3. Esta convocatoria tiene alcance nacional e internacional.<\/p>\n<p class=\"translation-block\">II.4. Las inscripciones ser\u00e1n realizadas exclusivamente online, mediante el env\u00edo del formulario de inscripci\u00f3n  debidamente completado y disponible en la p\u00e1gina web: <a href=\"https:\/\/mostramuseu.com\/es\/\" target=\"_blank\" rel=\"noopener\">www.mostramuseu.com<\/a> y a trav\u00e9s de enlaces en las redes sociales oficiales de Mostra Museu.<\/p>\n<p>II.5. Cada aspirante podr\u00e1 registrar hasta (02) dos obras que hayan sido producidas durante la cuarentena, considerando un formulario de inscripci\u00f3n para cada obra propuesta.<\/p>\n<p>II.6.&nbsp; Em caso de inscri\u00e7\u00e3o de obra de cria\u00e7\u00e3o coletiva, o formul\u00e1rio de inscri\u00e7\u00e3o deve conter os dados de apenas um proponente representante do coletivo, considerando a autoria da obra o nome do coletivo.<\/p>\n<p>II.7.&nbsp; N\u00e3o ser\u00e3o analisados projetos com ficha de inscri\u00e7\u00e3o incompleta ou enviados ap\u00f3s o prazo de inscri\u00e7\u00e3o, que se encerra dia 11 de mar\u00e7o de 2021.<\/p>\n<p>II.8. A Mostra Museu - Arte na Quarentena no se hace responsable de problemas con enlaces o fallas t\u00e9cnicas que imposibiliten la visualizaci\u00f3n de documentos, videos y archivos adjuntos.<\/p>\n<p>II.9. El material entregado a Amarello no ser\u00e1 para uso exclusivo de Mostra Museu, permitiendo al artista la divulgaci\u00f3n libre de su obra.<\/p>\n<p><strong>III. FORMATO Y CRITERIOS DE SELECCI\u00d3N<\/strong><\/p>\n<p>III.1.&nbsp; Ser\u00e3o aceitos trabalhos\/obras em&nbsp; imagem e v\u00eddeo. No entanto, o conte\u00fado do material pode conter diferentes linguagens das artes visuais: cria\u00e7\u00f5es digitais, desenho, design, escultura, fotografia, grafitte, gravura, objetos, pintura, poesia visual, v\u00eddeo arte, colagem, instala\u00e7\u00e3o, performance, body art, projetos de arte integrada, entre outras manifesta\u00e7\u00f5es h\u00edbridas ou n\u00e3o reconhecidamente relacionadas \u00e0s artes visuais, desde que criadas a partir de 11 de mar\u00e7o de 2020.<\/p>\n<p>III.2. Solo se aceptar\u00e1n im\u00e1genes y videos enviados de acuerdo con las descripciones t\u00e9cnicas a continuaci\u00f3n:<\/p>\n<ul>\n<li>Proyectos de imagen - descripciones t\u00e9cnicas:\n<ul>\n<li>Formatos: JPG, PNG, PSD, TIFF, AI o PDF<\/li>\n<li>Resoluci\u00f3n: igual o superior a 300dpi.<\/li>\n<\/ul>\n<\/li>\n<\/ul>\n<div>&nbsp;<\/div>\n<p class=\"translation-block\"><strong><em>Nota:<\/em><\/strong> Teniendo en cuenta que las plataformas expositivas urbanas son rect\u00e1ngulos verticales, la imagen debe de estar en alta resoluci\u00f3n para que sea impresa en una \u00e1rea de hasta 900mm x 900mm. Considere proyectos en imagen est\u00e1tica en las proporciones seg\u00fan los siguientes <a href=\"https:\/\/mostramuseu.com\/wp-content\/uploads\/2021\/02\/GUIA_FORMATOOBRAS.pdf\" target=\"_self\">exemplos<\/a> para una mejor visualizaci\u00f3n de las obras enviadas.<\/p>\n<ul>\n<li>Proyectos de video - descripciones t\u00e9cnicas:\n<ul>\n<li>Formatos: AVI, MJPEG, WMV, GIF, MP4 o MOV en archivo comprimido<\/li>\n<li>Resoluci\u00f3n: 1080 x 1080 px<\/li>\n<li>Duraci\u00f3n: de hasta 10 segundos, audio opcional.&nbsp;<\/li>\n<\/ul>\n<\/li>\n<\/ul>\n<div>&nbsp;<\/div>\n<p class=\"translation-block\">Las obras en video se mostrar\u00e1n en la p\u00e1gina web y en las redes sociales de la exposici\u00f3n  (con audio si la obra lo contempla). En las plataformas de medios digitales urbanos (sin audio) se mostrar\u00e1 de acuerdo a este <a href=\"https:\/\/mostramuseu.com\/wp-content\/uploads\/2021\/02\/GUIA_FORMATOOBRAS.pdf\" target=\"_self\">ejemplo<\/a>. Debido a la corta duraci\u00f3n del trabajo, el aspirante debe prestar atenci\u00f3n al ritmo del contenido para que haya identificaci\u00f3n de los elementos visuales y que la obra sea contemplada en su totalidad.<\/p>\n<p>III.3. A los efectos de la selecci\u00f3n, se se\u00f1alan algunos criterios:<\/p>\n<p style=\"padding-left: 40px;\">a. Calidad po\u00e9tica expresiva de las obras;<\/p>\n<p style=\"padding-left: 40px;\">b. Relevancia conceptual seg\u00fan el texto curatorial y presentaci\u00f3n del proyecto;<\/p>\n<p style=\"padding-left: 40px;\">c. Creatividad y coherencia est\u00e9tica de la obra.<\/p>\n<p>III.4. La Curadur\u00eda no estar\u00e1 obligada a justificar p\u00fablicamente su elecci\u00f3n.<\/p>\n<p>III.5. Teniendo en cuenta que el acceso a la Exposici\u00f3n es amplio y sin restricciones, no es factible controlar el grupo de edad del p\u00fablico. Por lo tanto, la organizaci\u00f3n de Mostra Museu podr\u00e1 descalificar, a su sola discreci\u00f3n, obras visuales cuyos respectivos proyectos tengan contenidos prohibidos por la Ley N \u00b0 14.223 (Ley Ciudad Limpia) o sean inapropiados para el espacio p\u00fablico, especialmente obras visuales que:<\/p>\n<p style=\"padding-left: 40px;\">a)&nbsp; Incitem a pornografia, viol\u00eancia ou que sejam contr\u00e1rios \u00e0 moral, isoladamente ou em conjunto;<\/p>\n<p style=\"padding-left: 40px;\">b)&nbsp; Incitem o uso de \u00e1lcool, drogas, tabaco e assemelhados, armas de fogo, muni\u00e7\u00f5es e explosivos;<\/p>\n<p style=\"padding-left: 40px;\">c)&nbsp; Incitem qualquer tipo de discrimina\u00e7\u00e3o por conta de ra\u00e7a, g\u00eanero, nacionalidade ou origem \u00e9tnica;<\/p>\n<p style=\"padding-left: 40px;\">d)&nbsp; Trabalhos publicit\u00e1rios, propaganda pol\u00edtica ou com fins mercadol\u00f3gicos.<\/p>\n<p>III.6. AMARELLO se pondr\u00e1 en contacto con los Participantes Seleccionados a partir del 15 de marzo de 2021 a trav\u00e9s de los datos proporcionados en el formulario de registro.<\/p>\n<p>III.7&nbsp; Caso algum Participante Selecionado n\u00e3o responda ou n\u00e3o puder ser acessado por um per\u00edodo de at\u00e9 03 (tr\u00eas) dias corridos ap\u00f3s a primeira tentativa de contato pela AMARELLO por todos os contatos constantes na ficha de inscri\u00e7\u00e3o, ele poder\u00e1 ser imediatamente desclassificado e substitu\u00eddo por outro Participante a ser selecionado pela curadoria.<\/p>\n<p>III.8.&nbsp; A decis\u00e3o da curadoria \u00e9 definitiva e irrecorr\u00edvel, n\u00e3o se admitindo contra ela nenhum recurso.<\/p>\n<p>III.9.&nbsp;&nbsp; O n\u00famero de trabalhos\/obras selecionados atender\u00e3o a crit\u00e9rios art\u00edsticos e financeiros do festival.<\/p>\n<p>III.10. No hay remuneraci\u00f3n por los proyectos seleccionados, a pesar que <strong>la Mostra Museu - Arte en Cuarentena<\/strong> contemple premia\u00e7\u00e3o em dinheiro para&nbsp; projetos.<\/p>\n<p><strong>IV RESULTADO DE LA SELECCI\u00d3N<\/strong><\/p>\n<p>IV.0 La fecha de notificaci\u00f3n de los artistas seleccionados ser\u00e1 el 15 de marzo de 2021 mediante publicaci\u00f3n en el sitio web <a href=\"https:\/\/mostramuseu.com\/es\/\">www.mostramuseu.com<\/a> y contacto con los artistas a trav\u00e9s del correo electr\u00f3nico proporcionado en el formulario.<\/p>\n<p><strong>V. PREMIACI\u00d3N<\/strong><\/p>\n<p>V.1. Luego del inicio de la exhibici\u00f3n f\u00edsica en el espacio p\u00fablico, el jurado compuesto por curadores, co-curadores y Amarello seleccionar\u00e1 04 obras. Las 04 obras seleccionadas para el premio recibir\u00e1n una remuneraci\u00f3n, en forma de honorario art\u00edstico, en el valor bruto de R $ 2.500,00 (cinco mil reales), por medio de la emisi\u00f3n de un documento fiscal v\u00e1lido presentado a AMARELLO, haciendo referencia al proyecto.<\/p>\n<p>Somente ser\u00e3o eleg\u00edveis para o recebimento dos pr\u00eamios previstos nesse artigo, por se tratar de verbas oriundas da Lei 14.017, de 29 de junho de 2020, artistas brasileiros, residentes e domiciliados neste pa\u00eds. O j\u00fari determinar\u00e1 as categorias de premia\u00e7\u00e3o ap\u00f3s o processo de sele\u00e7\u00e3o das obras via chamamento. Uma nota informativa sobre as categorias e datas da premia\u00e7\u00e3o ser\u00e1 publicada no site e redes sociais da Mostra Museu.<\/p>\n<p>V.2. Os valores do pr\u00eamio s\u00e3o montantes brutos abarcando todos e quaisquer tributos ou encargos aplic\u00e1veis.<\/p>\n<p><strong>VI. CRONOGRAMA DE LA CONVOCATORIA<\/strong><\/p>\t\t\t\t\t\t<\/div>\n\t\t\t\t<\/div>\n\t\t\t\t<div class=\"elementor-element elementor-element-e00ba8c elementor-widget elementor-widget-text-editor\" data-id=\"e00ba8c\" data-element_type=\"widget\" data-widget_type=\"text-editor.default\">\n\t\t\t\t<div class=\"elementor-widget-container\">\n\t\t\t\t\t\t\t<p><strong>VI. DISPOSICIONES FINALES<\/strong><\/p><p>VII.1. Los participantes son los \u00fanicos responsables del contenido entregado y transmitido por AMARELLO, asumiendo la plena responsabilidad de su participaci\u00f3n en la acci\u00f3n y dejando a AMARELLO a salvo de cualquier reclamo o reivindicaci\u00f3n, voluntaria o no, que implique la exhibici\u00f3n de contenido como resultado de la presente acci\u00f3n cultural, asumiendo, por tanto, todo cargo que se derive de dichos alegatos, tales como indemnizaciones, p\u00e9rdidas y da\u00f1os, costas judiciales y honorarios de abogados, incluyendo el derecho de devoluci\u00f3n de AMARELLO contra el respectivo Participante.<\/p><p>VII.2. Los participantes ser\u00e1n responsables de la informaci\u00f3n proporcionada en su formulario de inscripci\u00f3n. Los participantes que informen de manera incorrecta, falsa y\/o que realicen cualquier tipo de acto que se considere fraudulento, ilegal (como, entre otros, plagio o violaci\u00f3n de un nombre ser\u00e1n autom\u00e1ticamente descalificados y excluidos de los derechos de autor o propiedad intelectual), o que viole los objetivos de este Proyecto y las reglas establecidas en esta convocatoria.<\/p><p>VII.3. La participaci\u00f3n en este Proyecto caracteriza la aceptaci\u00f3n y pleno reconocimiento de todas las reglas establecidas en esta convocatoria.<\/p><p>VII.4. La participaci\u00f3n en esta convocatoria implica la cesi\u00f3n y transferencia a Amarello y sus socios, para todos los fines y efectos en la mejor forma de derecho, a t\u00edtulo gratuito, total, irrevocable, irreversible y no exclusivo, los derechos de autor relativos a la OBRA. Adem\u00e1s de la imagen y el sonido de voz del Participante seleccionado, junto con el proyecto, en el que tanto la obra como los cr\u00e9ditos debidos deber\u00e1n, en todo caso, ser preservados por un per\u00edodo de 10 a\u00f1os.<\/p><p>VII.5. La cesi\u00f3n objeto de esta cl\u00e1usula incluye tambi\u00e9n el uso, por parte de Amarello, bajo cualquier modalidad prevista en la ley, incluyendo reproducci\u00f3n, difusi\u00f3n, producci\u00f3n medi\u00e1tica o cualquier otro medio, siempre que sea destinado a la realizaci\u00f3n de la MOSTRA MUSEU: ARTE EM QUARENTENA, en todas sus ediciones, totales o parciales, caso sea necesario y en cualquier n\u00famero de ejemplares, as\u00ed como su distribuci\u00f3n, sea de circulaci\u00f3n nacional o extranjera, al medio o material utilizado en almacenamiento o divulgaci\u00f3n.<\/p><p>VII.6. El acto de inscripci\u00f3n implica el acuerdo autom\u00e1tico y pleno con todos los t\u00e9rminos de esta convocatoria.<\/p><p>VII.7. El contenido de esta convocatoria, que incluye, entre otros pero sin limitarse a la ubicaci\u00f3n y el cronograma de selecci\u00f3n y exposici\u00f3n, se puede cambiar en cualquier momento, previa notificaci\u00f3n a los Participantes a trav\u00e9s del sitio web del Proyecto accesible en: <a href=\"https:\/\/mostramuseu.com\/es\/\">www.mostramuseu.com<\/a>\u00a0<\/p><p>Para m\u00e1s informaci\u00f3n y\/o preguntas cont\u00e1ctenos por correo electr\u00f3nico: <a href=\"mailto:hello@mostramuseu.com\" target=\"_blank\" rel=\"noopener\">mailto:hello@mostramuseu.com<\/a><\/p><p>S\u00e3o Paulo, 05 de febrero de 2021<\/p><p><strong>MOSTRA MUSEU: ARTE NA QUARENTENA<\/strong><\/p>\t\t\t\t\t\t<\/div>\n\t\t\t\t<\/div>\n\t\t\t\t\t<\/div>\n\t\t<\/div>\n\t\t\t\t\t<\/div>\n\t\t<\/section>\n\t\t\t\t\t<\/div>\n\t\t<\/div>\n\t\t\t\t\t<\/div>\n\t\t<\/section>\n\t\t\t\t<\/div>","protected":false},"excerpt":{"rendered":"<p>Convocat\u00f3ria Fa\u00e7a o download CHAMADA ABERTA PARA PROJETOS ARTES VISUAIS MOSTRA MUSEU: ARTE NA QUARENTENA I. INTRODU\u00c7\u00c3O I.1. Promovida pela C.P. Battistoni Design Cultural ME (\u201cAmarello Design de Experi\u00eancia Cultural\u201d) com sede \u00e0 Rua Jo\u00e3o Felipe Silva, 145, S\u00e3o Paulo &#8211; SP, inscrita no CNPJ 24.373.414\/0001-24, a Mostra Museu \u2013 Arte na Quarentena, projeto contemplado [&hellip;]<\/p>","protected":false},"author":1,"featured_media":0,"parent":0,"menu_order":0,"comment_status":"closed","ping_status":"closed","template":"elementor_header_footer","meta":{"footnotes":""},"class_list":["post-134","page","type-page","status-publish","hentry"],"_links":{"self":[{"href":"https:\/\/mostramuseu.com\/es\/wp-json\/wp\/v2\/pages\/134","targetHints":{"allow":["GET"]}}],"collection":[{"href":"https:\/\/mostramuseu.com\/es\/wp-json\/wp\/v2\/pages"}],"about":[{"href":"https:\/\/mostramuseu.com\/es\/wp-json\/wp\/v2\/types\/page"}],"author":[{"embeddable":true,"href":"https:\/\/mostramuseu.com\/es\/wp-json\/wp\/v2\/users\/1"}],"replies":[{"embeddable":true,"href":"https:\/\/mostramuseu.com\/es\/wp-json\/wp\/v2\/comments?post=134"}],"version-history":[{"count":0,"href":"https:\/\/mostramuseu.com\/es\/wp-json\/wp\/v2\/pages\/134\/revisions"}],"wp:attachment":[{"href":"https:\/\/mostramuseu.com\/es\/wp-json\/wp\/v2\/media?parent=134"}],"curies":[{"name":"wp","href":"https:\/\/api.w.org\/{rel}","templated":true}]}}