{"id":2504,"date":"2021-03-26T19:33:28","date_gmt":"2021-03-26T22:33:28","guid":{"rendered":"https:\/\/mostramuseu.com\/?page_id=2504"},"modified":"2021-04-19T19:22:02","modified_gmt":"2021-04-19T22:22:02","slug":"lista-de-selecionados-cam","status":"publish","type":"page","link":"https:\/\/mostramuseu.com\/en\/lista-de-selecionados-cam\/","title":{"rendered":"Lista de Selecionados Mostra Museu Geral"},"content":{"rendered":"<div data-elementor-type=\"wp-page\" data-elementor-id=\"2504\" class=\"elementor elementor-2504\" data-elementor-post-type=\"page\">\n\t\t\t\t\t\t<div class=\"elementor-section elementor-top-section elementor-element elementor-element-4fe8950 elementor-section-height-min-height elementor-section-boxed elementor-section-height-default elementor-section-items-middle\" data-id=\"4fe8950\" data-element_type=\"section\" data-settings=\"{&quot;jet_parallax_layout_list&quot;:[{&quot;jet_parallax_layout_image&quot;:{&quot;url&quot;:&quot;&quot;,&quot;id&quot;:&quot;&quot;,&quot;size&quot;:&quot;&quot;},&quot;_id&quot;:&quot;bf786f8&quot;,&quot;jet_parallax_layout_image_tablet&quot;:{&quot;url&quot;:&quot;&quot;,&quot;id&quot;:&quot;&quot;,&quot;size&quot;:&quot;&quot;},&quot;jet_parallax_layout_image_mobile&quot;:{&quot;url&quot;:&quot;&quot;,&quot;id&quot;:&quot;&quot;,&quot;size&quot;:&quot;&quot;},&quot;jet_parallax_layout_speed&quot;:{&quot;unit&quot;:&quot;%&quot;,&quot;size&quot;:50,&quot;sizes&quot;:[]},&quot;jet_parallax_layout_type&quot;:&quot;scroll&quot;,&quot;jet_parallax_layout_direction&quot;:null,&quot;jet_parallax_layout_fx_direction&quot;:null,&quot;jet_parallax_layout_z_index&quot;:&quot;&quot;,&quot;jet_parallax_layout_bg_x&quot;:50,&quot;jet_parallax_layout_bg_x_tablet&quot;:&quot;&quot;,&quot;jet_parallax_layout_bg_x_mobile&quot;:&quot;&quot;,&quot;jet_parallax_layout_bg_y&quot;:50,&quot;jet_parallax_layout_bg_y_tablet&quot;:&quot;&quot;,&quot;jet_parallax_layout_bg_y_mobile&quot;:&quot;&quot;,&quot;jet_parallax_layout_bg_size&quot;:&quot;auto&quot;,&quot;jet_parallax_layout_bg_size_tablet&quot;:&quot;&quot;,&quot;jet_parallax_layout_bg_size_mobile&quot;:&quot;&quot;,&quot;jet_parallax_layout_animation_prop&quot;:&quot;transform&quot;,&quot;jet_parallax_layout_on&quot;:[&quot;desktop&quot;,&quot;tablet&quot;]}]}\">\n\t\t\t\t\t\t<div class=\"elementor-container elementor-column-gap-no\">\n\t\t\t\t\t<div class=\"elementor-column elementor-col-100 elementor-top-column elementor-element elementor-element-7e4b10b\" data-id=\"7e4b10b\" data-element_type=\"column\">\n\t\t\t<div class=\"elementor-widget-wrap elementor-element-populated\">\n\t\t\t\t\t\t<div class=\"elementor-element elementor-element-b8683d1 elementor-widget elementor-widget-heading\" data-id=\"b8683d1\" data-element_type=\"widget\" data-widget_type=\"heading.default\">\n\t\t\t\t<div class=\"elementor-widget-container\">\n\t\t\t<h1 class=\"elementor-heading-title elementor-size-default\">Selecionados Mostra Museu Geral<\/h1>\t\t<\/div>\n\t\t\t\t<\/div>\n\t\t\t\t<div class=\"elementor-element elementor-element-a645d2d elementor-widget elementor-widget-spacer\" data-id=\"a645d2d\" data-element_type=\"widget\" data-widget_type=\"spacer.default\">\n\t\t\t\t<div class=\"elementor-widget-container\">\n\t\t\t\t\t<div class=\"elementor-spacer\">\n\t\t\t<div class=\"elementor-spacer-inner\"><\/div>\n\t\t<\/div>\n\t\t\t\t<\/div>\n\t\t\t\t<\/div>\n\t\t\t\t<section class=\"elementor-section elementor-inner-section elementor-element elementor-element-067a92f elementor-section-boxed elementor-section-height-default elementor-section-height-default\" data-id=\"067a92f\" data-element_type=\"section\" data-settings=\"{&quot;jet_parallax_layout_list&quot;:[{&quot;jet_parallax_layout_image&quot;:{&quot;url&quot;:&quot;&quot;,&quot;id&quot;:&quot;&quot;,&quot;size&quot;:&quot;&quot;},&quot;_id&quot;:&quot;2af8c5e&quot;,&quot;jet_parallax_layout_image_tablet&quot;:{&quot;url&quot;:&quot;&quot;,&quot;id&quot;:&quot;&quot;,&quot;size&quot;:&quot;&quot;},&quot;jet_parallax_layout_image_mobile&quot;:{&quot;url&quot;:&quot;&quot;,&quot;id&quot;:&quot;&quot;,&quot;size&quot;:&quot;&quot;},&quot;jet_parallax_layout_speed&quot;:{&quot;unit&quot;:&quot;%&quot;,&quot;size&quot;:50,&quot;sizes&quot;:[]},&quot;jet_parallax_layout_type&quot;:&quot;scroll&quot;,&quot;jet_parallax_layout_direction&quot;:null,&quot;jet_parallax_layout_fx_direction&quot;:null,&quot;jet_parallax_layout_z_index&quot;:&quot;&quot;,&quot;jet_parallax_layout_bg_x&quot;:50,&quot;jet_parallax_layout_bg_x_tablet&quot;:&quot;&quot;,&quot;jet_parallax_layout_bg_x_mobile&quot;:&quot;&quot;,&quot;jet_parallax_layout_bg_y&quot;:50,&quot;jet_parallax_layout_bg_y_tablet&quot;:&quot;&quot;,&quot;jet_parallax_layout_bg_y_mobile&quot;:&quot;&quot;,&quot;jet_parallax_layout_bg_size&quot;:&quot;auto&quot;,&quot;jet_parallax_layout_bg_size_tablet&quot;:&quot;&quot;,&quot;jet_parallax_layout_bg_size_mobile&quot;:&quot;&quot;,&quot;jet_parallax_layout_animation_prop&quot;:&quot;transform&quot;,&quot;jet_parallax_layout_on&quot;:[&quot;desktop&quot;,&quot;tablet&quot;]}]}\">\n\t\t\t\t\t\t<div class=\"elementor-container elementor-column-gap-no\">\n\t\t\t\t\t<div class=\"elementor-column elementor-col-100 elementor-inner-column elementor-element elementor-element-bc77f53\" data-id=\"bc77f53\" data-element_type=\"column\">\n\t\t\t<div class=\"elementor-widget-wrap elementor-element-populated\">\n\t\t\t\t\t\t<div class=\"elementor-element elementor-element-46fc907 elementor-widget elementor-widget-text-editor\" data-id=\"46fc907\" data-element_type=\"widget\" data-widget_type=\"text-editor.default\">\n\t\t\t\t<div class=\"elementor-widget-container\">\n\t\t\t\t\t\t\t<p>Aashti Miller (\u00cdndia)<br \/>Adele (It\u00e1lia) <br \/>Aditi Rajagopal (Singapura)<br \/>Agustina Castaneda (Guatemala) <br \/>Alam da Silva Lima (Brasil) <br \/>Alberto Guerrero (Espanha)<br \/>Aleksandrs Breze e Armands Freibergs (Let\u00f4nia)<br \/>Alessandro Biagini (Sui\u00e7a)<br \/>Alessandro Malossi (It\u00e1lia)<br \/>Alexander Zuleta (Guatemala)<br \/>Alexandra Ehrlich Speiser (\u00c1ustria)<br \/>Alexandra Siro (Alemanha ) <br \/>Andr\u00e9 Gola (Brasil)<br \/>Alexandre Arthur Silveira (Brasil) <br \/>Alfredo Brant (Portugal)<br \/>Am\u00e9lia Bisbardis (M\u00e9xico)<br \/>Andi Arnovitz (Israel)<br \/>Andr\u00e9 Filur (Brasil) <br \/>Andriana Oborocean (Rom\u00eania)<br \/>\u00c2ngela Mac\u00e1rio (Brasil) <br \/>Anna Babyliova (Bielorr\u00fassia)<br \/>Anna Silveira (Brasil) <br \/>Antonio Bokel (Brasil) <br \/>Arnaldo Munguia (Honduras)<br \/>Ary Dykier (Pol\u00f4nia)<br \/>Asma Javeri (Pasquist\u00e3o)<br \/>Atamer Boz (Turquia)<br \/>Benedikt Mazharul (Alemanha)<br \/>Beria Dumankaya (Turquia)<br \/>Berna Gulbey (Turquia)<br \/>Bernar Gomma (Brasil)<br \/>Bianca Rocha Gouveia (Brasil)<br \/>Bj\u00f6rn Nelissen (Alemanha)<br \/>Bruno \u00cdcaro de Moura Sousa (Portugal)<br \/>Bruno Romi (Brasil) <br \/>Carlos de Lima Ribeiro J\u00fanior (Brasil) <br \/>Carolina Becker Sim\u00f5es Saidenberg (Brasil)<br \/>Caroline Gonzalez Santos (Brasil)<br \/>Catharina Suleiman (Brasil)<br \/>C\u00e9u Isatto (Brasil)<br \/>Clarice Gon\u00e7alves (Brasil)<br \/>Claudia Cabrero M\u00e1laga (Espanha)<br \/>Colectivo ClaVel No\u0301mada (Col\u00f4mbia)<br \/>Costas Spathis (Gr\u00e9cia)<br \/>Daniel Juarez (Argentina)<br \/>Daniel Mart\u00ednez (Cuba) <br \/>David Zehnder (Sui\u00e7a)<br \/>Dawa Gail Lorien (Costa Rica)<br \/>D\u00e9bora de Viveiros Pereira (Brasil)<br \/>Deolinda Aguiar (Brasil) <br \/>Diletta Innocenti Fagni (It\u00e1lia)<br \/>Dimas Bortolini Gloeden (Brasil)<br \/>EDMX (Brasil)<br \/>Egl\u0117 Norkut\u0117 (Litu\u00e2nia)<br \/>Ellen Sheidlin (Russia)<br \/>Esperanza Manzanera Velmock (Espanha) <br \/>Esteban Guti\u00e9rrez (Col\u00f4mbia)<br \/>Estrela Nunes (Brasil)<br \/>Everton David (Brasil)<br \/>Evgeni Chernyavsky (Bielorr\u00fassia)<br \/>Fabiana Cristina Lombardo (It\u00e1lia)<br \/>Fabiano Milan (Brasil)<br \/>Fe Avila (Brasil)<br \/>Fernando Ribeiro (Brasil) <br \/>Flavia Ventura (Brasil)<br \/>Frank J. Guzzone (Estados Unidos)<br \/>Gabriel Farias dos Santos (Brasil) <br \/>Gabriel Guerra Bianchini (Cuba)<br \/>Gabriel Massaro de G\u00f3es (Brasil)<br \/>Gabriela Matoso Ferreira Gomes (Brasil) <br \/>Gen Duarte (Brasil)<br \/>G\u00eanova Alvarado (Venezuela)<br \/>Graziela Guardino (Austr\u00e1lia)<br \/>Hadi Moussally (Fran\u00e7a)<br \/>Harshita Nandwani (\u00cdndia)<br \/>Helena Leopardi (Brasil)<br \/>Holly Lamkin (Reino Unido)<br \/>Hugh Kretschmer (Estados Unidos)<br \/>Hugo Curti (Brasil)<br \/>Irina Werning (Argentina)<br \/>Isa Aplicano (Honduras)<br \/>Isabela Dias (Brasil)<br \/>Jade Marangolo (Brasil)<br \/>Jan M.O (Brasil)<br \/>Janna Kemperman (Irlanda)<br \/>Javier Ja\u00e9n (Espanha)<br \/>Jeremy Cohen (Estados Unidos)<br \/>J\u00e9r\u00e9my Rico (Sui\u00e7a)<br \/>Jessica Walsh (Estados Unidos)<br \/>Jhon Sabbat (Brasil)<br \/>Jim Bachor (Estados Unidos)<br \/>Jimsee (China)<br \/>Jos\u00e9 Alberto Mar (Portugal)<br \/>Jos\u00e9 Simonovis (Venezuela)<br \/>Juan Camilo Rivera (Col\u00f4mbia)<br \/>Juan Delclan (Estados Unidos)<br \/>J\u00falia Anast\u00e1cia e Mariana Viveiro (Brasil)<br \/>Julia Machado Trindade (Brasil)<br \/>J\u00falia Vilani (Brasil)<br \/>Juli\u00e1n Brijaldo (Col\u00f4mbia)<br \/>Julian Campos da Silva (Brasil) <br \/>Juliana Naufel (Brasil)<br \/>Junior Franco (Brasil)<br \/>Kamontip Ashton (Reino Unido)<br \/>Karine Padilha (Brasil)<br \/>Katastrofffe (Turquia)<br \/>Ken Goldman (Israel)<br \/>Laila El Gamal (Egito)<br \/>La\u00eds Catalano Aranha (Brasil)<br \/>Larissa Camnev (Brasil)<br \/>Leandro Celestino (Brasil)<br \/>Leticia Pantoja (Brasil)<br \/>Lilian Camelli (Brasil)<br \/>Livia Koeche (Brasil)<br \/>Lorenzo Capobianchi (It\u00e1lia)<br \/>Lorenzo Saa (Reino Unido)<br \/>Ma\u00edra Morelle Alves (Brasil)<br \/>Marco Mori (Alemanha)<br \/>Margot \u2013 Mariah de Castro (Brasil)<br \/>Maria Fernanda Lopes (Brasil)<br \/>Maria Lu\u00edsa Ramires (Portugal)<br \/>Maria Luiza Porto Rabello de Mattos (Brasil)<br \/>Mar\u00eda P\u00e9rez D\u00edaz (Espanha)<br \/>Marichka Yurchak (Ucr\u00e2nia)<br \/>Mariko Kumon (Jap\u00e3o)<br \/>Mar\u00edlia Scarabello (Brasil)<br \/>Marina Bisco (Brasil)<br \/>Marina da Silva (Brasil)<br \/>Marina Sader (Brasil)<br \/>Mario Baptista (Brasil)<br \/>Mark Schons (Fran\u00e7a)<br \/>Mauricio Wills (Col\u00f4mbia)<br \/>Maurizio Macioli e Lilian Hastings (Brasil)<br \/>Michel de Oliveira (Brasil)<br \/>Michelle Rosset (Brasil)<br \/>M\u00f4nica L\u00f3ss (Estados Unidos)<br \/>Monique Burigo Marin (Brasil)<br \/>Morten Lasskogen (Dinamarca)<br \/>Mundano (Brasil)<br \/>Naria Pennacchi Pieroni (Brasil) <br \/>Natalia Paulina Espinoza Puga (M\u00e9xico)<br \/>Nataliia Shulga (Ucr\u00e2nia)<br \/>Nildo Jeans (Brasil)<br \/>Ninaad Kothawade (\u00cdndia)<br \/>Oliver Latta (Alemanha)<br \/>Omer Binder (Israel)<br \/>Orane Tasky (Fran\u00e7a)<br \/>Paige Rezm Orah (Brasil)<br \/>Paola Franqui (Estados Unidos)<br \/>Patr\u00edcia Carparelli (Brasil)<br \/>Patricia Pulido Mantas (Espanha)<br \/>Paula Costa (Brasil)<br \/>Rafz (It\u00e1lia)<br \/>Rahul V Mathew<br \/>Raquel Fayad (Brasil)<br \/>Renato Miller (Brasil)<br \/>Rengga Satria (Indon\u00e9sia)<br \/>Rev. Tim and Beth Hayward (Reino Unido)<br \/>Ricardo Q T Rodrigues (Brasil)<br \/>Rick Rodrigues (Brasil)<br \/>Roberta Lopez Attili (Brasil)<br \/>Rodrigo Machado (Portugal)<br \/>Ruth Hundeshagen (Espanha)<br \/>Sabhyata Jain (\u00cdndia)<br \/>Samuel de Saboia (Brasil)<br \/>Sandra Guerra Bianchini (Cuba)<br \/>Santi Graph (Espanha)<br \/>Santiago Ponce Seoane (Espanha)<br \/>Sara Domingues Sallum (Brasil)<br \/>Sara Luc\u00eda (Col\u00f4mbia)<br \/>Sazky (Espanha)<br \/>Serge Siro (Ucr\u00e2nia)<br \/>S\u00e9rgio Helle (Brasil)<br \/>Serhan Turgut (Turquia)<br \/>Sian Fan (Reino Unido)<br \/>Siddhant Sharma (\u00cdndia)<br \/>Simone Couto (Brasil)<br \/>Stenio Oliveira (Brasil)<br \/>Suellen Estanislau Cerino (Brasil)<br \/>Suzana Beatriz Pires (Brasil)<br \/>Suzana Gross (Brasil)<br \/>Tangerina Bruno (Brasil)<br \/>Taris Persiani (It\u00e1lia)<br \/>Tatiane Araujo (Brasil)<br \/>Teachr (Estados Unidos)<br \/>Teresa Franco (Portugal)<br \/>Tha\u00eds Ravicz (Brasil)<br \/>Thelmylla Bianca Soares Sousa (Brasil)<br \/>Thiago Alonso (Brasil)<br \/>Thiago Vinhoti Martins (Brasil) <br \/>Timo Helgert (Alemanha)<br \/>Ulyana Korol (Ucr\u00e2nia)<br \/>Vassil Anastasov (Bolivia)<br \/>Vicente Rodriguez Mora (Brasil)<br \/>Vitor Mazon (Brasil)<br \/>Wendel de Castro Gon\u00e7alves (Brasil)<br \/>Yari Delgado (Cuba)<br \/>Yohana Oizumi (Brasil)<br \/>Yve Louise Canelhas de Medon\u00e7a (Brasil) <br \/>ZHAO Benqi (China)<br \/>Zo\u00eb Van kuyk (B\u00e9lgica)<\/p>\t\t\t\t\t\t<\/div>\n\t\t\t\t<\/div>\n\t\t\t\t\t<\/div>\n\t\t<\/div>\n\t\t\t\t\t<\/div>\n\t\t<\/section>\n\t\t\t\t\t<\/div>\n\t\t<\/div>\n\t\t\t\t\t<\/div>\n\t\t<\/div>\n\t\t\t\t<\/div>","protected":false},"excerpt":{"rendered":"<p>Selecionados Mostra Museu Geral Aashti Miller (\u00cdndia)Adele (It\u00e1lia) Aditi Rajagopal (Singapura)Agustina Castaneda (Guatemala) Alam da Silva Lima (Brasil) Alberto Guerrero (Espanha)Aleksandrs Breze e Armands Freibergs (Let\u00f4nia)Alessandro Biagini (Sui\u00e7a)Alessandro Malossi (It\u00e1lia)Alexander Zuleta (Guatemala)Alexandra Ehrlich Speiser (\u00c1ustria)Alexandra Siro (Alemanha ) Andr\u00e9 Gola (Brasil)Alexandre Arthur Silveira (Brasil) Alfredo Brant (Portugal)Am\u00e9lia Bisbardis (M\u00e9xico)Andi Arnovitz (Israel)Andr\u00e9 Filur (Brasil) Andriana Oborocean [&hellip;]<\/p>","protected":false},"author":1,"featured_media":0,"parent":0,"menu_order":0,"comment_status":"closed","ping_status":"closed","template":"elementor_theme","meta":{"footnotes":""},"class_list":["post-2504","page","type-page","status-publish","hentry"],"_links":{"self":[{"href":"https:\/\/mostramuseu.com\/en\/wp-json\/wp\/v2\/pages\/2504","targetHints":{"allow":["GET"]}}],"collection":[{"href":"https:\/\/mostramuseu.com\/en\/wp-json\/wp\/v2\/pages"}],"about":[{"href":"https:\/\/mostramuseu.com\/en\/wp-json\/wp\/v2\/types\/page"}],"author":[{"embeddable":true,"href":"https:\/\/mostramuseu.com\/en\/wp-json\/wp\/v2\/users\/1"}],"replies":[{"embeddable":true,"href":"https:\/\/mostramuseu.com\/en\/wp-json\/wp\/v2\/comments?post=2504"}],"version-history":[{"count":0,"href":"https:\/\/mostramuseu.com\/en\/wp-json\/wp\/v2\/pages\/2504\/revisions"}],"wp:attachment":[{"href":"https:\/\/mostramuseu.com\/en\/wp-json\/wp\/v2\/media?parent=2504"}],"curies":[{"name":"wp","href":"https:\/\/api.w.org\/{rel}","templated":true}]}}